{"id":2324,"date":"2022-09-29T08:39:02","date_gmt":"2022-09-29T08:39:02","guid":{"rendered":"https:\/\/tarkanyferrata.hu\/?page_id=2324"},"modified":"2022-09-29T08:51:03","modified_gmt":"2022-09-29T08:51:03","slug":"zoldike-etlap","status":"publish","type":"page","link":"https:\/\/tarkanyferrata.hu\/index.php\/zoldike-etlap\/","title":{"rendered":"z\u00f6ldike \u00e9tlap"},"content":{"rendered":"\t\t<div data-elementor-type=\"wp-page\" data-elementor-id=\"2324\" class=\"elementor elementor-2324\" data-elementor-settings=\"[]\">\n\t\t\t\t\t\t\t<div class=\"elementor-section-wrap\">\n\t\t\t\t\t\t\t<section class=\"elementor-section elementor-top-section elementor-element elementor-element-cace72e elementor-section-full_width elementor-section-stretched elementor-section-height-default elementor-section-height-default\" data-id=\"cace72e\" data-element_type=\"section\" data-settings=\"{&quot;background_background&quot;:&quot;classic&quot;,&quot;stretch_section&quot;:&quot;section-stretched&quot;}\">\n\t\t\t\t\t\t\t<div class=\"elementor-background-overlay\"><\/div>\n\t\t\t\t\t\t\t<div class=\"elementor-container elementor-column-gap-default\">\n\t\t\t\t\t<div class=\"elementor-column elementor-col-100 elementor-top-column elementor-element elementor-element-562909e\" data-id=\"562909e\" data-element_type=\"column\">\n\t\t\t<div class=\"elementor-widget-wrap elementor-element-populated\">\n\t\t\t\t\t\t\t\t<div class=\"elementor-element elementor-element-17e5eb1 elementor-hidden-tablet elementor-hidden-phone elementor-invisible elementor-widget elementor-widget-heading\" data-id=\"17e5eb1\" data-element_type=\"widget\" data-settings=\"{&quot;_animation&quot;:&quot;fadeIn&quot;}\" data-widget_type=\"heading.default\">\n\t\t\t\t<div class=\"elementor-widget-container\">\n\t\t\t<h2 class=\"elementor-heading-title elementor-size-default\">Z\u00d6LDIKE VEND\u00c9GH\u00c1Z<\/h2>\t\t<\/div>\n\t\t\t\t<\/div>\n\t\t\t\t<div class=\"elementor-element elementor-element-7bbd3e7 elementor-hidden-tablet elementor-hidden-phone elementor-widget-divider--view-line elementor-widget elementor-widget-divider\" data-id=\"7bbd3e7\" data-element_type=\"widget\" data-widget_type=\"divider.default\">\n\t\t\t\t<div class=\"elementor-widget-container\">\n\t\t\t\t\t<div class=\"elementor-divider\">\n\t\t\t<span class=\"elementor-divider-separator\">\n\t\t\t\t\t\t<\/span>\n\t\t<\/div>\n\t\t\t\t<\/div>\n\t\t\t\t<\/div>\n\t\t\t\t<div class=\"elementor-element elementor-element-2261329 elementor-widget elementor-widget-text-editor\" data-id=\"2261329\" data-element_type=\"widget\" data-widget_type=\"text-editor.default\">\n\t\t\t\t<div class=\"elementor-widget-container\">\n\t\t\t\t\t\t\t\t<p>\u00c9TLAP<\/p>\t\t\t\t\t\t<\/div>\n\t\t\t\t<\/div>\n\t\t\t\t\t<\/div>\n\t\t<\/div>\n\t\t\t\t\t\t\t<\/div>\n\t\t<\/section>\n\t\t\t\t<section class=\"elementor-section elementor-top-section elementor-element elementor-element-c842516 elementor-section-boxed elementor-section-height-default elementor-section-height-default\" data-id=\"c842516\" data-element_type=\"section\">\n\t\t\t\t\t\t<div class=\"elementor-container elementor-column-gap-default\">\n\t\t\t\t\t<div class=\"elementor-column elementor-col-100 elementor-top-column elementor-element elementor-element-eaeb483\" data-id=\"eaeb483\" data-element_type=\"column\">\n\t\t\t<div class=\"elementor-widget-wrap elementor-element-populated\">\n\t\t\t\t\t\t\t\t<div class=\"elementor-element elementor-element-f470d62 gallery-spacing-custom elementor-widget elementor-widget-image-gallery\" data-id=\"f470d62\" data-element_type=\"widget\" data-widget_type=\"image-gallery.default\">\n\t\t\t\t<div class=\"elementor-widget-container\">\n\t\t\t\t\t<div class=\"elementor-image-gallery\">\n\t\t\t<div id='gallery-1' class='gallery galleryid-2324 gallery-columns-2 gallery-size-full'><figure class='gallery-item'>\n\t\t\t<div class='gallery-icon portrait'>\n\t\t\t\t<a data-elementor-open-lightbox=\"yes\" data-elementor-lightbox-slideshow=\"f470d62\" data-elementor-lightbox-title=\"\u00c9tlap_1\" href='https:\/\/tarkanyferrata.hu\/wp-content\/uploads\/2022\/09\/Etlap_1.jpg'><img loading=\"lazy\" decoding=\"async\" width=\"1357\" height=\"1919\" src=\"https:\/\/tarkanyferrata.hu\/wp-content\/uploads\/2022\/09\/Etlap_1.jpg\" class=\"attachment-full size-full\" alt=\"\" srcset=\"https:\/\/tarkanyferrata.hu\/wp-content\/uploads\/2022\/09\/Etlap_1.jpg 1357w, https:\/\/tarkanyferrata.hu\/wp-content\/uploads\/2022\/09\/Etlap_1-212x300.jpg 212w, https:\/\/tarkanyferrata.hu\/wp-content\/uploads\/2022\/09\/Etlap_1-724x1024.jpg 724w, https:\/\/tarkanyferrata.hu\/wp-content\/uploads\/2022\/09\/Etlap_1-768x1086.jpg 768w, https:\/\/tarkanyferrata.hu\/wp-content\/uploads\/2022\/09\/Etlap_1-1086x1536.jpg 1086w\" sizes=\"(max-width: 1357px) 100vw, 1357px\" \/><\/a>\n\t\t\t<\/div><\/figure><figure class='gallery-item'>\n\t\t\t<div class='gallery-icon portrait'>\n\t\t\t\t<a data-elementor-open-lightbox=\"yes\" data-elementor-lightbox-slideshow=\"f470d62\" data-elementor-lightbox-title=\"\u00c9tlap_2\" href='https:\/\/tarkanyferrata.hu\/wp-content\/uploads\/2022\/09\/Etlap_2.jpg'><img loading=\"lazy\" decoding=\"async\" width=\"1357\" height=\"1919\" src=\"https:\/\/tarkanyferrata.hu\/wp-content\/uploads\/2022\/09\/Etlap_2.jpg\" class=\"attachment-full size-full\" alt=\"\" srcset=\"https:\/\/tarkanyferrata.hu\/wp-content\/uploads\/2022\/09\/Etlap_2.jpg 1357w, https:\/\/tarkanyferrata.hu\/wp-content\/uploads\/2022\/09\/Etlap_2-212x300.jpg 212w, https:\/\/tarkanyferrata.hu\/wp-content\/uploads\/2022\/09\/Etlap_2-724x1024.jpg 724w, https:\/\/tarkanyferrata.hu\/wp-content\/uploads\/2022\/09\/Etlap_2-768x1086.jpg 768w, https:\/\/tarkanyferrata.hu\/wp-content\/uploads\/2022\/09\/Etlap_2-1086x1536.jpg 1086w\" sizes=\"(max-width: 1357px) 100vw, 1357px\" \/><\/a>\n\t\t\t<\/div><\/figure>\n\t\t<\/div>\n\t\t<\/div>\n\t\t\t\t<\/div>\n\t\t\t\t<\/div>\n\t\t\t\t\t<\/div>\n\t\t<\/div>\n\t\t\t\t\t\t\t<\/div>\n\t\t<\/section>\n\t\t\t\t\t\t<\/div>\n\t\t\t\t\t<\/div>\n\t\t","protected":false},"excerpt":{"rendered":"<p>Z\u00d6LDIKE VEND\u00c9GH\u00c1Z \u00c9TLAP<\/p>\n","protected":false},"author":1,"featured_media":0,"parent":0,"menu_order":0,"comment_status":"closed","ping_status":"closed","template":"","meta":{"footnotes":""},"_links":{"self":[{"href":"https:\/\/tarkanyferrata.hu\/index.php\/wp-json\/wp\/v2\/pages\/2324"}],"collection":[{"href":"https:\/\/tarkanyferrata.hu\/index.php\/wp-json\/wp\/v2\/pages"}],"about":[{"href":"https:\/\/tarkanyferrata.hu\/index.php\/wp-json\/wp\/v2\/types\/page"}],"author":[{"embeddable":true,"href":"https:\/\/tarkanyferrata.hu\/index.php\/wp-json\/wp\/v2\/users\/1"}],"replies":[{"embeddable":true,"href":"https:\/\/tarkanyferrata.hu\/index.php\/wp-json\/wp\/v2\/comments?post=2324"}],"version-history":[{"count":7,"href":"https:\/\/tarkanyferrata.hu\/index.php\/wp-json\/wp\/v2\/pages\/2324\/revisions"}],"predecessor-version":[{"id":2335,"href":"https:\/\/tarkanyferrata.hu\/index.php\/wp-json\/wp\/v2\/pages\/2324\/revisions\/2335"}],"wp:attachment":[{"href":"https:\/\/tarkanyferrata.hu\/index.php\/wp-json\/wp\/v2\/media?parent=2324"}],"curies":[{"name":"wp","href":"https:\/\/api.w.org\/{rel}","templated":true}]}}